{"id":776,"date":"2019-02-07T11:18:25","date_gmt":"2019-02-07T09:18:25","guid":{"rendered":"http:\/\/tholaria.gr\/offers\/"},"modified":"2024-01-03T19:13:17","modified_gmt":"2024-01-03T17:13:17","slug":"offers","status":"publish","type":"page","link":"https:\/\/tholaria.gr\/fr\/offers\/","title":{"rendered":"Offres"},"content":{"rendered":"<p>Faites votre r\u00e9servation dans l\u2019une des chambres luxueuses et confortables de l\u2019h\u00f4tel Tholaria et profitez de nos offres sp\u00e9ciales. Profitez d&rsquo;une exp\u00e9rience unique au meilleur prix.<\/p>\n","protected":false},"excerpt":{"rendered":"<p>Faites votre r\u00e9servation dans l\u2019une des chambres luxueuses et confortables [&#8230;]<\/p>\n","protected":false},"author":1,"featured_media":0,"parent":0,"menu_order":0,"comment_status":"closed","ping_status":"closed","template":"template-offers.php","meta":{"footnotes":""},"class_list":["post-776","page","type-page","status-publish","hentry"],"yoast_head":"<!-- This site is optimized with the Yoast SEO plugin v26.1.1 - https:\/\/yoast.com\/wordpress\/plugins\/seo\/ -->\n<title>Offres - Astypalaia Hotel Offres - Tholaria Boutique Hotel<\/title>\n<meta name=\"description\" content=\"Choisissez Tholaria Boutique Hotel pour votre s\u00e9jour dans la belle &amp; pittoresque Chora Astypalea et b\u00e9n\u00e9ficiez uniques Astypalaia Hotel Offres en Grece.\" \/>\n<meta name=\"robots\" content=\"index, follow, max-snippet:-1, max-image-preview:large, max-video-preview:-1\" \/>\n<link rel=\"canonical\" href=\"https:\/\/tholaria.gr\/en\/offers\/\" \/>\n<meta property=\"og:locale\" content=\"fr_FR\" \/>\n<meta property=\"og:type\" content=\"article\" \/>\n<meta property=\"og:title\" content=\"Offres - Astypalaia Hotel Offres - Tholaria Boutique Hotel\" \/>\n<meta property=\"og:description\" content=\"Choisissez Tholaria Boutique Hotel pour votre s\u00e9jour dans la belle &amp; pittoresque Chora Astypalea et b\u00e9n\u00e9ficiez uniques Astypalaia Hotel Offres en Grece.\" \/>\n<meta property=\"og:url\" content=\"https:\/\/tholaria.gr\/en\/offers\/\" \/>\n<meta property=\"og:site_name\" content=\"Tholaria Hotel | Astypalaia, Chora\" \/>\n<meta property=\"article:modified_time\" content=\"2024-01-03T17:13:17+00:00\" \/>\n<meta name=\"twitter:card\" content=\"summary_large_image\" \/>\n<script type=\"application\/ld+json\" class=\"yoast-schema-graph\">{\"@context\":\"https:\/\/schema.org\",\"@graph\":[{\"@type\":\"WebPage\",\"@id\":\"https:\/\/tholaria.gr\/en\/offers\/\",\"url\":\"https:\/\/tholaria.gr\/en\/offers\/\",\"name\":\"Offres - Astypalaia Hotel Offres - Tholaria Boutique Hotel\",\"isPartOf\":{\"@id\":\"https:\/\/tholaria.gr\/en\/#website\"},\"datePublished\":\"2019-02-07T09:18:25+00:00\",\"dateModified\":\"2024-01-03T17:13:17+00:00\",\"description\":\"Choisissez Tholaria Boutique Hotel pour votre s\u00e9jour dans la belle & pittoresque Chora Astypalea et b\u00e9n\u00e9ficiez uniques Astypalaia Hotel Offres en Grece.\",\"breadcrumb\":{\"@id\":\"https:\/\/tholaria.gr\/en\/offers\/#breadcrumb\"},\"inLanguage\":\"fr-FR\",\"potentialAction\":[{\"@type\":\"ReadAction\",\"target\":[\"https:\/\/tholaria.gr\/en\/offers\/\"]}]},{\"@type\":\"BreadcrumbList\",\"@id\":\"https:\/\/tholaria.gr\/en\/offers\/#breadcrumb\",\"itemListElement\":[{\"@type\":\"ListItem\",\"position\":1,\"name\":\"Home\",\"item\":\"https:\/\/tholaria.gr\/fr\/\"},{\"@type\":\"ListItem\",\"position\":2,\"name\":\"Offres\"}]},{\"@type\":\"WebSite\",\"@id\":\"https:\/\/tholaria.gr\/en\/#website\",\"url\":\"https:\/\/tholaria.gr\/en\/\",\"name\":\"Tholaria Hotel | Astypalaia, Chora\",\"description\":\"Astypalaia, Chora\",\"potentialAction\":[{\"@type\":\"SearchAction\",\"target\":{\"@type\":\"EntryPoint\",\"urlTemplate\":\"https:\/\/tholaria.gr\/en\/?s={search_term_string}\"},\"query-input\":{\"@type\":\"PropertyValueSpecification\",\"valueRequired\":true,\"valueName\":\"search_term_string\"}}],\"inLanguage\":\"fr-FR\"}]}<\/script>\n<!-- \/ Yoast SEO plugin. -->","yoast_head_json":{"title":"Offres - Astypalaia Hotel Offres - Tholaria Boutique Hotel","description":"Choisissez Tholaria Boutique Hotel pour votre s\u00e9jour dans la belle & pittoresque Chora Astypalea et b\u00e9n\u00e9ficiez uniques Astypalaia Hotel Offres en Grece.","robots":{"index":"index","follow":"follow","max-snippet":"max-snippet:-1","max-image-preview":"max-image-preview:large","max-video-preview":"max-video-preview:-1"},"canonical":"https:\/\/tholaria.gr\/en\/offers\/","og_locale":"fr_FR","og_type":"article","og_title":"Offres - Astypalaia Hotel Offres - Tholaria Boutique Hotel","og_description":"Choisissez Tholaria Boutique Hotel pour votre s\u00e9jour dans la belle & pittoresque Chora Astypalea et b\u00e9n\u00e9ficiez uniques Astypalaia Hotel Offres en Grece.","og_url":"https:\/\/tholaria.gr\/en\/offers\/","og_site_name":"Tholaria Hotel | Astypalaia, Chora","article_modified_time":"2024-01-03T17:13:17+00:00","twitter_card":"summary_large_image","schema":{"@context":"https:\/\/schema.org","@graph":[{"@type":"WebPage","@id":"https:\/\/tholaria.gr\/en\/offers\/","url":"https:\/\/tholaria.gr\/en\/offers\/","name":"Offres - Astypalaia Hotel Offres - Tholaria Boutique Hotel","isPartOf":{"@id":"https:\/\/tholaria.gr\/en\/#website"},"datePublished":"2019-02-07T09:18:25+00:00","dateModified":"2024-01-03T17:13:17+00:00","description":"Choisissez Tholaria Boutique Hotel pour votre s\u00e9jour dans la belle & pittoresque Chora Astypalea et b\u00e9n\u00e9ficiez uniques Astypalaia Hotel Offres en Grece.","breadcrumb":{"@id":"https:\/\/tholaria.gr\/en\/offers\/#breadcrumb"},"inLanguage":"fr-FR","potentialAction":[{"@type":"ReadAction","target":["https:\/\/tholaria.gr\/en\/offers\/"]}]},{"@type":"BreadcrumbList","@id":"https:\/\/tholaria.gr\/en\/offers\/#breadcrumb","itemListElement":[{"@type":"ListItem","position":1,"name":"Home","item":"https:\/\/tholaria.gr\/fr\/"},{"@type":"ListItem","position":2,"name":"Offres"}]},{"@type":"WebSite","@id":"https:\/\/tholaria.gr\/en\/#website","url":"https:\/\/tholaria.gr\/en\/","name":"Tholaria Hotel | Astypalaia, Chora","description":"Astypalaia, Chora","potentialAction":[{"@type":"SearchAction","target":{"@type":"EntryPoint","urlTemplate":"https:\/\/tholaria.gr\/en\/?s={search_term_string}"},"query-input":{"@type":"PropertyValueSpecification","valueRequired":true,"valueName":"search_term_string"}}],"inLanguage":"fr-FR"}]}},"_links":{"self":[{"href":"https:\/\/tholaria.gr\/fr\/wp-json\/wp\/v2\/pages\/776","targetHints":{"allow":["GET"]}}],"collection":[{"href":"https:\/\/tholaria.gr\/fr\/wp-json\/wp\/v2\/pages"}],"about":[{"href":"https:\/\/tholaria.gr\/fr\/wp-json\/wp\/v2\/types\/page"}],"author":[{"embeddable":true,"href":"https:\/\/tholaria.gr\/fr\/wp-json\/wp\/v2\/users\/1"}],"replies":[{"embeddable":true,"href":"https:\/\/tholaria.gr\/fr\/wp-json\/wp\/v2\/comments?post=776"}],"version-history":[{"count":3,"href":"https:\/\/tholaria.gr\/fr\/wp-json\/wp\/v2\/pages\/776\/revisions"}],"predecessor-version":[{"id":3783,"href":"https:\/\/tholaria.gr\/fr\/wp-json\/wp\/v2\/pages\/776\/revisions\/3783"}],"wp:attachment":[{"href":"https:\/\/tholaria.gr\/fr\/wp-json\/wp\/v2\/media?parent=776"}],"curies":[{"name":"wp","href":"https:\/\/api.w.org\/{rel}","templated":true}]}}