{"id":1356,"date":"2019-02-04T13:44:08","date_gmt":"2019-02-04T11:44:08","guid":{"rendered":"http:\/\/tholaria.gr\/restaurant\/"},"modified":"2025-06-15T14:11:08","modified_gmt":"2025-06-15T11:11:08","slug":"restaurant","status":"publish","type":"page","link":"https:\/\/tholaria.gr\/fr\/restaurant\/","title":{"rendered":"DUCATO RESTAURANT"},"content":{"rendered":"<p>Le Ducato Di Astypalea est une f\u00eate. Un festin quotidien, qui se doit d\u2019\u00eatre bruyant : rires, verres, couverts et assiettes composent la m\u00e9lodie de chaque soir\u00e9e. C\u2019est notre hospitalit\u00e9 \u00e0 Astypalea \u00e0 travers la nourriture.<\/p>\n<a href=\"https:\/\/google.com\" class=\"btn btn--style-4 \" target=\"_blank\"><span>The restaurant is located 0.5Km away from hotel<\/span><\/a>\n<p><a href=\"https:\/\/ducatoastypalea.gr\/menu\" target=\"_blank\">MENU<\/a><\/p>\n","protected":false},"excerpt":{"rendered":"<p>Le Ducato Di Astypalea est une f\u00eate. Un festin quotidien, [&#8230;]<\/p>\n","protected":false},"author":1,"featured_media":0,"parent":0,"menu_order":0,"comment_status":"closed","ping_status":"closed","template":"template-restaurant.php","meta":{"footnotes":""},"class_list":["post-1356","page","type-page","status-publish","hentry"],"yoast_head":"<!-- This site is optimized with the Yoast SEO plugin v26.1.1 - https:\/\/yoast.com\/wordpress\/plugins\/seo\/ -->\n<title>Ducato Restaurant - Restaurants Astypalaia - Tholaria Boutique Hotel<\/title>\n<meta name=\"description\" content=\"Le restaurant Ducato se trouve \u00e0 seulement 0.5km du Tholaria Boutique Hotel.Vous pourrez d\u00e9guster des sp\u00e9cialit\u00e9s locales greces. Restaurants Astypalaia\" \/>\n<meta name=\"robots\" content=\"index, follow, max-snippet:-1, max-image-preview:large, max-video-preview:-1\" \/>\n<link rel=\"canonical\" href=\"https:\/\/tholaria.gr\/fr\/restaurant\/\" \/>\n<meta property=\"og:locale\" content=\"fr_FR\" \/>\n<meta property=\"og:type\" content=\"article\" \/>\n<meta property=\"og:title\" content=\"Ducato Restaurant - Restaurants Astypalaia - Tholaria Boutique Hotel\" \/>\n<meta property=\"og:description\" content=\"Le restaurant Ducato se trouve \u00e0 seulement 0.5km du Tholaria Boutique Hotel.Vous pourrez d\u00e9guster des sp\u00e9cialit\u00e9s locales greces. Restaurants Astypalaia\" \/>\n<meta property=\"og:url\" content=\"https:\/\/tholaria.gr\/fr\/restaurant\/\" \/>\n<meta property=\"og:site_name\" content=\"Tholaria Hotel | Astypalaia, Chora\" \/>\n<meta property=\"article:modified_time\" content=\"2025-06-15T11:11:08+00:00\" \/>\n<meta name=\"twitter:card\" content=\"summary_large_image\" \/>\n<meta name=\"twitter:label1\" content=\"Dur\u00e9e de lecture estim\u00e9e\" \/>\n\t<meta name=\"twitter:data1\" content=\"1 minute\" \/>\n<script type=\"application\/ld+json\" class=\"yoast-schema-graph\">{\"@context\":\"https:\/\/schema.org\",\"@graph\":[{\"@type\":\"WebPage\",\"@id\":\"https:\/\/tholaria.gr\/fr\/restaurant\/\",\"url\":\"https:\/\/tholaria.gr\/fr\/restaurant\/\",\"name\":\"Ducato Restaurant - Restaurants Astypalaia - Tholaria Boutique Hotel\",\"isPartOf\":{\"@id\":\"https:\/\/tholaria.gr\/en\/#website\"},\"datePublished\":\"2019-02-04T11:44:08+00:00\",\"dateModified\":\"2025-06-15T11:11:08+00:00\",\"description\":\"Le restaurant Ducato se trouve \u00e0 seulement 0.5km du Tholaria Boutique Hotel.Vous pourrez d\u00e9guster des sp\u00e9cialit\u00e9s locales greces. Restaurants Astypalaia\",\"breadcrumb\":{\"@id\":\"https:\/\/tholaria.gr\/fr\/restaurant\/#breadcrumb\"},\"inLanguage\":\"fr-FR\",\"potentialAction\":[{\"@type\":\"ReadAction\",\"target\":[\"https:\/\/tholaria.gr\/fr\/restaurant\/\"]}]},{\"@type\":\"BreadcrumbList\",\"@id\":\"https:\/\/tholaria.gr\/fr\/restaurant\/#breadcrumb\",\"itemListElement\":[{\"@type\":\"ListItem\",\"position\":1,\"name\":\"Home\",\"item\":\"https:\/\/tholaria.gr\/fr\/\"},{\"@type\":\"ListItem\",\"position\":2,\"name\":\"DUCATO RESTAURANT\"}]},{\"@type\":\"WebSite\",\"@id\":\"https:\/\/tholaria.gr\/en\/#website\",\"url\":\"https:\/\/tholaria.gr\/en\/\",\"name\":\"Tholaria Hotel | Astypalaia, Chora\",\"description\":\"Astypalaia, Chora\",\"potentialAction\":[{\"@type\":\"SearchAction\",\"target\":{\"@type\":\"EntryPoint\",\"urlTemplate\":\"https:\/\/tholaria.gr\/en\/?s={search_term_string}\"},\"query-input\":{\"@type\":\"PropertyValueSpecification\",\"valueRequired\":true,\"valueName\":\"search_term_string\"}}],\"inLanguage\":\"fr-FR\"}]}<\/script>\n<!-- \/ Yoast SEO plugin. -->","yoast_head_json":{"title":"Ducato Restaurant - Restaurants Astypalaia - Tholaria Boutique Hotel","description":"Le restaurant Ducato se trouve \u00e0 seulement 0.5km du Tholaria Boutique Hotel.Vous pourrez d\u00e9guster des sp\u00e9cialit\u00e9s locales greces. Restaurants Astypalaia","robots":{"index":"index","follow":"follow","max-snippet":"max-snippet:-1","max-image-preview":"max-image-preview:large","max-video-preview":"max-video-preview:-1"},"canonical":"https:\/\/tholaria.gr\/fr\/restaurant\/","og_locale":"fr_FR","og_type":"article","og_title":"Ducato Restaurant - Restaurants Astypalaia - Tholaria Boutique Hotel","og_description":"Le restaurant Ducato se trouve \u00e0 seulement 0.5km du Tholaria Boutique Hotel.Vous pourrez d\u00e9guster des sp\u00e9cialit\u00e9s locales greces. Restaurants Astypalaia","og_url":"https:\/\/tholaria.gr\/fr\/restaurant\/","og_site_name":"Tholaria Hotel | Astypalaia, Chora","article_modified_time":"2025-06-15T11:11:08+00:00","twitter_card":"summary_large_image","twitter_misc":{"Dur\u00e9e de lecture estim\u00e9e":"1 minute"},"schema":{"@context":"https:\/\/schema.org","@graph":[{"@type":"WebPage","@id":"https:\/\/tholaria.gr\/fr\/restaurant\/","url":"https:\/\/tholaria.gr\/fr\/restaurant\/","name":"Ducato Restaurant - Restaurants Astypalaia - Tholaria Boutique Hotel","isPartOf":{"@id":"https:\/\/tholaria.gr\/en\/#website"},"datePublished":"2019-02-04T11:44:08+00:00","dateModified":"2025-06-15T11:11:08+00:00","description":"Le restaurant Ducato se trouve \u00e0 seulement 0.5km du Tholaria Boutique Hotel.Vous pourrez d\u00e9guster des sp\u00e9cialit\u00e9s locales greces. Restaurants Astypalaia","breadcrumb":{"@id":"https:\/\/tholaria.gr\/fr\/restaurant\/#breadcrumb"},"inLanguage":"fr-FR","potentialAction":[{"@type":"ReadAction","target":["https:\/\/tholaria.gr\/fr\/restaurant\/"]}]},{"@type":"BreadcrumbList","@id":"https:\/\/tholaria.gr\/fr\/restaurant\/#breadcrumb","itemListElement":[{"@type":"ListItem","position":1,"name":"Home","item":"https:\/\/tholaria.gr\/fr\/"},{"@type":"ListItem","position":2,"name":"DUCATO RESTAURANT"}]},{"@type":"WebSite","@id":"https:\/\/tholaria.gr\/en\/#website","url":"https:\/\/tholaria.gr\/en\/","name":"Tholaria Hotel | Astypalaia, Chora","description":"Astypalaia, Chora","potentialAction":[{"@type":"SearchAction","target":{"@type":"EntryPoint","urlTemplate":"https:\/\/tholaria.gr\/en\/?s={search_term_string}"},"query-input":{"@type":"PropertyValueSpecification","valueRequired":true,"valueName":"search_term_string"}}],"inLanguage":"fr-FR"}]}},"_links":{"self":[{"href":"https:\/\/tholaria.gr\/fr\/wp-json\/wp\/v2\/pages\/1356","targetHints":{"allow":["GET"]}}],"collection":[{"href":"https:\/\/tholaria.gr\/fr\/wp-json\/wp\/v2\/pages"}],"about":[{"href":"https:\/\/tholaria.gr\/fr\/wp-json\/wp\/v2\/types\/page"}],"author":[{"embeddable":true,"href":"https:\/\/tholaria.gr\/fr\/wp-json\/wp\/v2\/users\/1"}],"replies":[{"embeddable":true,"href":"https:\/\/tholaria.gr\/fr\/wp-json\/wp\/v2\/comments?post=1356"}],"version-history":[{"count":5,"href":"https:\/\/tholaria.gr\/fr\/wp-json\/wp\/v2\/pages\/1356\/revisions"}],"predecessor-version":[{"id":5033,"href":"https:\/\/tholaria.gr\/fr\/wp-json\/wp\/v2\/pages\/1356\/revisions\/5033"}],"wp:attachment":[{"href":"https:\/\/tholaria.gr\/fr\/wp-json\/wp\/v2\/media?parent=1356"}],"curies":[{"name":"wp","href":"https:\/\/api.w.org\/{rel}","templated":true}]}}