{"id":1178,"date":"2019-02-05T10:32:12","date_gmt":"2019-02-05T08:32:12","guid":{"rendered":"http:\/\/tholaria.gr\/transfer-form\/"},"modified":"2019-03-26T15:39:55","modified_gmt":"2019-03-26T13:39:55","slug":"transfer-form","status":"publish","type":"page","link":"https:\/\/tholaria.gr\/fr\/transfer-form\/","title":{"rendered":"Transfert"},"content":{"rendered":"\n                <div class='gf_browser_gecko gform_wrapper' id='gform_wrapper_3' ><a id='gf_3' class='gform_anchor' ><\/a><form method='post' enctype='multipart\/form-data' target='gform_ajax_frame_3' id='gform_3'  action='\/fr\/wp-json\/wp\/v2\/pages\/1178#gf_3'>\n                        <div class='gform_body'><ul id='gform_fields_3' class='gform_fields top_label form_sublabel_above description_above'><li id='field_3_1'  class='gfield gf_left_half gfield_contains_required field_sublabel_above field_description_above gfield_visibility_visible' ><label class='gfield_label' for='input_3_1' >NOM COMPLET\r\n<span class='gfield_required'>*<\/span><\/label><div class='gfield_description'>Comme indiqu\u00e9 dans la r\u00e9servation\r\n<\/div><div class='ginput_container ginput_container_text'><input name='input_1' id='input_3_1' type='text' value='' class='medium'  tabindex='211'  aria-required=\"true\" aria-invalid=\"false\" \/><\/div><\/li><li id='field_3_2'  class='gfield gf_right_half no-autocomplete gfield_contains_required field_sublabel_above field_description_above gfield_visibility_visible' ><label class='gfield_label' for='input_3_2' >DATE D&#039;ARRIV\u00c9E\r\n<span class='gfield_required'>*<\/span><\/label><div class='gfield_description'>Comme indiqu\u00e9 dans la r\u00e9servation\r\n<\/div><div class='ginput_container ginput_container_date'>\n                            <input name='input_2' id='input_3_2' type='text' value='' class='datepicker medium dmy datepicker_with_icon' tabindex='212'  \/>\n                        <\/div>\n                        <input type='hidden' id='gforms_calendar_icon_input_3_2' class='gform_hidden' value='https:\/\/tholaria.gr\/wp-content\/plugins\/gravityforms\/images\/calendar.png'\/><\/li><li id='field_3_3'  class='gfield gf_left_half gfield_contains_required field_sublabel_above field_description_above gfield_visibility_visible' ><label class='gfield_label' for='input_3_3' >Email<span class='gfield_required'>*<\/span><\/label><div class='gfield_description'>Comme indiqu\u00e9 dans la r\u00e9servation\r\n<\/div><div class='ginput_container ginput_container_email'>\n                            <input name='input_3' id='input_3_3' type='email' value='' class='medium' tabindex='213'   aria-required=\"true\" aria-invalid=\"false\"\/>\n                        <\/div><\/li><li id='field_3_4'  class='gfield gf_right_half field_sublabel_above field_description_above gfield_visibility_visible' ><label class='gfield_label' for='input_3_4' >NOMBRE DE PASSAGERS\r\n<\/label><div class='ginput_container ginput_container_number'><input name='input_4' id='input_3_4' type='number' step='any' min='1' max='20' value='' class='medium' tabindex='214'     aria-invalid=\"false\"\/><div class='instruction '>Please enter a number from <strong>1<\/strong> to <strong>20<\/strong>.<\/div><\/div><\/li><li id='field_3_5'  class='gfield gf_left_half field_sublabel_above field_description_above gfield_visibility_visible' ><label class='gfield_label gfield_label_before_complex'  >HEURE D&#039;ARRIV\u00c9E\r\n<\/label><div class='clear-multi'>\n                        <div class='gfield_time_hour ginput_container ginput_container_time' id='input_3_5'>\n                            <label for='input_3_5_1' >HH<\/label>\n                            <input type='number' maxlength='2' name='input_5[]' id='input_3_5_1' value='' tabindex='215' min='0' max='24' step='1'  \/> <i>:<\/i>\n                        <\/div>\n                        <div class='gfield_time_minute ginput_container ginput_container_time'>\n                            <label for='input_3_5_2' >MM<\/label>\n                            <input type='number' maxlength='2' name='input_5[]' id='input_3_5_2' value='' tabindex='216' min='0' max='59' step='1'  \/>\n                        <\/div>\n                        \n                    <\/div><\/li><li id='field_3_6'  class='gfield gf_right_half gfield_contains_required field_sublabel_above field_description_above gfield_visibility_visible' ><label class='gfield_label' for='input_3_6' >ARRIV\u00c9E LE\r\n<span class='gfield_required'>*<\/span><\/label><div class='gfield_description'>A\u00e9roport ou port\r\n<\/div><div class='ginput_container ginput_container_text'><input name='input_6' id='input_3_6' type='text' value='' class='medium'  tabindex='218'  aria-required=\"true\" aria-invalid=\"false\" \/><\/div><\/li><li id='field_3_8'  class='gfield gf_left_half field_sublabel_above field_description_above gfield_visibility_visible' ><label class='gfield_label' for='input_3_8' >COMMENTAIRES\r\n<\/label><div class='ginput_container ginput_container_textarea'><textarea name='input_8' id='input_3_8' class='textarea medium' tabindex='219'   aria-invalid=\"false\"   rows='10' cols='50'><\/textarea><\/div><\/li><li id='field_3_7'  class='gfield gf_right_half gfield_contains_required field_sublabel_above field_description_above gfield_visibility_visible' ><label class='gfield_label' for='input_3_7' >T\u00c9L\u00c9PHONE PORTABLE\r\n<span class='gfield_required'>*<\/span><\/label><div class='gfield_description'>\u00e0 des fins de transport\r\n<\/div><div class='ginput_container ginput_container_text'><input name='input_7' id='input_3_7' type='text' value='' class='medium'  tabindex='220'  aria-required=\"true\" aria-invalid=\"false\" \/><\/div><\/li><li id='field_3_9'  class='gfield gform_validation_container field_sublabel_above field_description_above gfield_visibility_visible' ><label class='gfield_label' for='input_3_9' >Name<\/label><div class='gfield_description'>Ce champ n\u2019est utilis\u00e9 qu\u2019\u00e0 des fins de validation et devrait rester inchang\u00e9.<\/div><div class='ginput_container'><input name='input_9' id='input_3_9' type='text' value='' autocomplete='off'\/><\/div><\/li>\n                            <\/ul><\/div>\n        <div class='gform_footer top_label'> <button class=\"submit-form\" type=\"submit\" id=\"gform_submit_button_3\"><span>Soumettre<\/span> <svg class=\"svg-icon icon-right-circle\"><use xlink:href=\"#icon-right-circle\" \/><\/svg><\/button> <input type='hidden' name='gform_ajax' value='form_id=3&amp;title=&amp;description=&amp;tabindex=211' \/>\n            <input type='hidden' class='gform_hidden' name='is_submit_3' value='1' \/>\n            <input type='hidden' class='gform_hidden' name='gform_submit' value='3' \/>\n            \n            <input type='hidden' class='gform_hidden' name='gform_unique_id' value='' \/>\n            <input type='hidden' class='gform_hidden' name='state_3' value='WyJbXSIsIjhhN2EyOTA0MWQxODdhMWJlNjhhYjY0OGVkM2E5Y2NmIl0=' \/>\n            <input type='hidden' class='gform_hidden' name='gform_target_page_number_3' id='gform_target_page_number_3' value='0' \/>\n            <input type='hidden' class='gform_hidden' name='gform_source_page_number_3' id='gform_source_page_number_3' value='1' \/>\n            <input type='hidden' name='gform_field_values' value='' \/>\n            \n        <\/div>\n                        <\/form>\n                        <\/div>\n                <iframe style='display:none;width:0px;height:0px;' src='about:blank' name='gform_ajax_frame_3' id='gform_ajax_frame_3' title='Ajax Frame'>Cette iframe contient la logique n\u00e9cessaire pour manipuler Gravity Forms avec Ajax.<\/iframe>\n                <script type='text\/javascript'>jQuery(document).ready(function($){gformInitSpinner( 3, 'https:\/\/tholaria.gr\/wp-content\/themes\/abouthotelier-theme-02\/assets\/images\/bounce-ball.svg' );jQuery('#gform_ajax_frame_3').on('load',function(){var contents = jQuery(this).contents().find('*').html();var is_postback = contents.indexOf('GF_AJAX_POSTBACK') >= 0;if(!is_postback){return;}var form_content = jQuery(this).contents().find('#gform_wrapper_3');var is_confirmation = jQuery(this).contents().find('#gform_confirmation_wrapper_3').length > 0;var is_redirect = contents.indexOf('gformRedirect(){') >= 0;var is_form = form_content.length > 0 && ! is_redirect && ! is_confirmation;if(is_form){jQuery('#gform_wrapper_3').html(form_content.html());if(form_content.hasClass('gform_validation_error')){jQuery('#gform_wrapper_3').addClass('gform_validation_error');} else {jQuery('#gform_wrapper_3').removeClass('gform_validation_error');}setTimeout( function() { \/* delay the scroll by 50 milliseconds to fix a bug in chrome *\/ jQuery(document).scrollTop(jQuery('#gform_wrapper_3').offset().top); }, 50 );if(window['gformInitDatepicker']) {gformInitDatepicker();}if(window['gformInitPriceFields']) {gformInitPriceFields();}var current_page = jQuery('#gform_source_page_number_3').val();gformInitSpinner( 3, 'https:\/\/tholaria.gr\/wp-content\/themes\/abouthotelier-theme-02\/assets\/images\/bounce-ball.svg' );jQuery(document).trigger('gform_page_loaded', [3, current_page]);window['gf_submitting_3'] = false;}else if(!is_redirect){var confirmation_content = jQuery(this).contents().find('.GF_AJAX_POSTBACK').html();if(!confirmation_content){confirmation_content = contents;}setTimeout(function(){jQuery('#gform_wrapper_3').replaceWith(confirmation_content);jQuery(document).scrollTop(jQuery('#gf_3').offset().top);jQuery(document).trigger('gform_confirmation_loaded', [3]);window['gf_submitting_3'] = false;}, 50);}else{jQuery('#gform_3').append(contents);if(window['gformRedirect']) {gformRedirect();}}jQuery(document).trigger('gform_post_render', [3, current_page]);} );} );<\/script><script type='text\/javascript'> if(typeof gf_global == 'undefined') var gf_global = {\"gf_currency_config\":{\"name\":\"Euro\",\"symbol_left\":\"\",\"symbol_right\":\"&#8364;\",\"symbol_padding\":\" \",\"thousand_separator\":\".\",\"decimal_separator\":\",\",\"decimals\":2},\"base_url\":\"https:\\\/\\\/tholaria.gr\\\/wp-content\\\/plugins\\\/gravityforms\",\"number_formats\":[],\"spinnerUrl\":\"https:\\\/\\\/tholaria.gr\\\/wp-content\\\/plugins\\\/gravityforms\\\/images\\\/spinner.gif\"};jQuery(document).bind('gform_post_render', function(event, formId, currentPage){if(formId == 3) {} } );jQuery(document).bind('gform_post_conditional_logic', function(event, formId, fields, isInit){} );<\/script><script type='text\/javascript'> jQuery(document).ready(function(){jQuery(document).trigger('gform_post_render', [3, 1]) } ); <\/script>\n","protected":false},"excerpt":{"rendered":"","protected":false},"author":1,"featured_media":0,"parent":0,"menu_order":0,"comment_status":"closed","ping_status":"closed","template":"template-transfer.php","meta":{"footnotes":""},"class_list":["post-1178","page","type-page","status-publish","hentry"],"yoast_head":"<!-- This site is optimized with the Yoast SEO plugin v26.1.1 - https:\/\/yoast.com\/wordpress\/plugins\/seo\/ -->\n<title>Transfert - Tholaria Boutique Hotel - Transfert a Chora Astypalaia Grece<\/title>\n<meta name=\"description\" content=\"R\u00e9servez votre transfert \u00e0 Tholaria Boutique Hotel. Faites de vos vacances \u00e0 Astypalaia une exp\u00e9rience de vacances unique. S\u00e9jour de luxe avec vue sur mer.\" \/>\n<meta name=\"robots\" content=\"index, follow, max-snippet:-1, max-image-preview:large, max-video-preview:-1\" \/>\n<link rel=\"canonical\" href=\"https:\/\/tholaria.gr\/en\/transfer-form\/\" \/>\n<meta property=\"og:locale\" content=\"fr_FR\" \/>\n<meta property=\"og:type\" content=\"article\" \/>\n<meta property=\"og:title\" content=\"Transfert - Tholaria Boutique Hotel - Transfert a Chora Astypalaia Grece\" \/>\n<meta property=\"og:description\" content=\"R\u00e9servez votre transfert \u00e0 Tholaria Boutique Hotel. Faites de vos vacances \u00e0 Astypalaia une exp\u00e9rience de vacances unique. S\u00e9jour de luxe avec vue sur mer.\" \/>\n<meta property=\"og:url\" content=\"https:\/\/tholaria.gr\/en\/transfer-form\/\" \/>\n<meta property=\"og:site_name\" content=\"Tholaria Hotel | Astypalaia, Chora\" \/>\n<meta property=\"article:modified_time\" content=\"2019-03-26T13:39:55+00:00\" \/>\n<meta name=\"twitter:card\" content=\"summary_large_image\" \/>\n<script type=\"application\/ld+json\" class=\"yoast-schema-graph\">{\"@context\":\"https:\/\/schema.org\",\"@graph\":[{\"@type\":\"WebPage\",\"@id\":\"https:\/\/tholaria.gr\/en\/transfer-form\/\",\"url\":\"https:\/\/tholaria.gr\/en\/transfer-form\/\",\"name\":\"Transfert - Tholaria Boutique Hotel - Transfert a Chora Astypalaia Grece\",\"isPartOf\":{\"@id\":\"https:\/\/tholaria.gr\/en\/#website\"},\"datePublished\":\"2019-02-05T08:32:12+00:00\",\"dateModified\":\"2019-03-26T13:39:55+00:00\",\"description\":\"R\u00e9servez votre transfert \u00e0 Tholaria Boutique Hotel. Faites de vos vacances \u00e0 Astypalaia une exp\u00e9rience de vacances unique. S\u00e9jour de luxe avec vue sur mer.\",\"breadcrumb\":{\"@id\":\"https:\/\/tholaria.gr\/en\/transfer-form\/#breadcrumb\"},\"inLanguage\":\"fr-FR\",\"potentialAction\":[{\"@type\":\"ReadAction\",\"target\":[\"https:\/\/tholaria.gr\/en\/transfer-form\/\"]}]},{\"@type\":\"BreadcrumbList\",\"@id\":\"https:\/\/tholaria.gr\/en\/transfer-form\/#breadcrumb\",\"itemListElement\":[{\"@type\":\"ListItem\",\"position\":1,\"name\":\"Home\",\"item\":\"https:\/\/tholaria.gr\/fr\/\"},{\"@type\":\"ListItem\",\"position\":2,\"name\":\"Transfert\"}]},{\"@type\":\"WebSite\",\"@id\":\"https:\/\/tholaria.gr\/en\/#website\",\"url\":\"https:\/\/tholaria.gr\/en\/\",\"name\":\"Tholaria Hotel | Astypalaia, Chora\",\"description\":\"Astypalaia, Chora\",\"potentialAction\":[{\"@type\":\"SearchAction\",\"target\":{\"@type\":\"EntryPoint\",\"urlTemplate\":\"https:\/\/tholaria.gr\/en\/?s={search_term_string}\"},\"query-input\":{\"@type\":\"PropertyValueSpecification\",\"valueRequired\":true,\"valueName\":\"search_term_string\"}}],\"inLanguage\":\"fr-FR\"}]}<\/script>\n<!-- \/ Yoast SEO plugin. -->","yoast_head_json":{"title":"Transfert - Tholaria Boutique Hotel - Transfert a Chora Astypalaia Grece","description":"R\u00e9servez votre transfert \u00e0 Tholaria Boutique Hotel. Faites de vos vacances \u00e0 Astypalaia une exp\u00e9rience de vacances unique. S\u00e9jour de luxe avec vue sur mer.","robots":{"index":"index","follow":"follow","max-snippet":"max-snippet:-1","max-image-preview":"max-image-preview:large","max-video-preview":"max-video-preview:-1"},"canonical":"https:\/\/tholaria.gr\/en\/transfer-form\/","og_locale":"fr_FR","og_type":"article","og_title":"Transfert - Tholaria Boutique Hotel - Transfert a Chora Astypalaia Grece","og_description":"R\u00e9servez votre transfert \u00e0 Tholaria Boutique Hotel. Faites de vos vacances \u00e0 Astypalaia une exp\u00e9rience de vacances unique. S\u00e9jour de luxe avec vue sur mer.","og_url":"https:\/\/tholaria.gr\/en\/transfer-form\/","og_site_name":"Tholaria Hotel | Astypalaia, Chora","article_modified_time":"2019-03-26T13:39:55+00:00","twitter_card":"summary_large_image","schema":{"@context":"https:\/\/schema.org","@graph":[{"@type":"WebPage","@id":"https:\/\/tholaria.gr\/en\/transfer-form\/","url":"https:\/\/tholaria.gr\/en\/transfer-form\/","name":"Transfert - Tholaria Boutique Hotel - Transfert a Chora Astypalaia Grece","isPartOf":{"@id":"https:\/\/tholaria.gr\/en\/#website"},"datePublished":"2019-02-05T08:32:12+00:00","dateModified":"2019-03-26T13:39:55+00:00","description":"R\u00e9servez votre transfert \u00e0 Tholaria Boutique Hotel. Faites de vos vacances \u00e0 Astypalaia une exp\u00e9rience de vacances unique. S\u00e9jour de luxe avec vue sur mer.","breadcrumb":{"@id":"https:\/\/tholaria.gr\/en\/transfer-form\/#breadcrumb"},"inLanguage":"fr-FR","potentialAction":[{"@type":"ReadAction","target":["https:\/\/tholaria.gr\/en\/transfer-form\/"]}]},{"@type":"BreadcrumbList","@id":"https:\/\/tholaria.gr\/en\/transfer-form\/#breadcrumb","itemListElement":[{"@type":"ListItem","position":1,"name":"Home","item":"https:\/\/tholaria.gr\/fr\/"},{"@type":"ListItem","position":2,"name":"Transfert"}]},{"@type":"WebSite","@id":"https:\/\/tholaria.gr\/en\/#website","url":"https:\/\/tholaria.gr\/en\/","name":"Tholaria Hotel | Astypalaia, Chora","description":"Astypalaia, Chora","potentialAction":[{"@type":"SearchAction","target":{"@type":"EntryPoint","urlTemplate":"https:\/\/tholaria.gr\/en\/?s={search_term_string}"},"query-input":{"@type":"PropertyValueSpecification","valueRequired":true,"valueName":"search_term_string"}}],"inLanguage":"fr-FR"}]}},"_links":{"self":[{"href":"https:\/\/tholaria.gr\/fr\/wp-json\/wp\/v2\/pages\/1178","targetHints":{"allow":["GET"]}}],"collection":[{"href":"https:\/\/tholaria.gr\/fr\/wp-json\/wp\/v2\/pages"}],"about":[{"href":"https:\/\/tholaria.gr\/fr\/wp-json\/wp\/v2\/types\/page"}],"author":[{"embeddable":true,"href":"https:\/\/tholaria.gr\/fr\/wp-json\/wp\/v2\/users\/1"}],"replies":[{"embeddable":true,"href":"https:\/\/tholaria.gr\/fr\/wp-json\/wp\/v2\/comments?post=1178"}],"version-history":[{"count":0,"href":"https:\/\/tholaria.gr\/fr\/wp-json\/wp\/v2\/pages\/1178\/revisions"}],"wp:attachment":[{"href":"https:\/\/tholaria.gr\/fr\/wp-json\/wp\/v2\/media?parent=1178"}],"curies":[{"name":"wp","href":"https:\/\/api.w.org\/{rel}","templated":true}]}}