{"id":1166,"date":"2019-02-05T10:10:04","date_gmt":"2019-02-05T08:10:04","guid":{"rendered":"http:\/\/tholaria.gr\/vibes\/"},"modified":"2019-03-26T15:28:26","modified_gmt":"2019-03-26T13:28:26","slug":"vibes","status":"publish","type":"page","link":"https:\/\/tholaria.gr\/fr\/vibes\/","title":{"rendered":"Mylos Bar"},"content":{"rendered":"<p>The bar \u00ab\u00a0Milos\u00a0\u00bb in Astypalea will not only cool on hot summer days and nights of your holiday, but will also keep you company in the winter! The &lsquo;Milos&rsquo; will find the picturesque country only a few steps from the central and most lively of the island, the famous windmills &#8230;. from where it got its name! The most searched music and elevated it to the rhythm take you until the dawn ..! The staff of the restaurant with impeccable service and the mood of your promises unique memories from your holidays in Astypalea!<\/p>\n<a href=\"https:\/\/google.com\" class=\"btn btn--style-4 \" target=\"_blank\"><span>The Mylos bar is located 0,5Km away from hotel<\/span><\/a>\n","protected":false},"excerpt":{"rendered":"<p>The bar \u00ab\u00a0Milos\u00a0\u00bb in Astypalea will not only cool on [&#8230;]<\/p>\n","protected":false},"author":1,"featured_media":0,"parent":0,"menu_order":0,"comment_status":"closed","ping_status":"closed","template":"template-restaurant.php","meta":{"footnotes":""},"class_list":["post-1166","page","type-page","status-publish","hentry"],"yoast_head":"<!-- This site is optimized with the Yoast SEO plugin v26.1.1 - https:\/\/yoast.com\/wordpress\/plugins\/seo\/ -->\n<title>Mylos Bar - Astypalea Bars - Tholaria Boutique Hotel Grece<\/title>\n<meta name=\"description\" content=\"Le bar \u00abMilos\u00bb est situ\u00e9 dans la pittoresque Chora Astypalea, \u00e0 seulement 0,5 km de l&#039;h\u00f4tel. Il constitue un choix id\u00e9al pour vacances. Astypalea Bars\" \/>\n<meta name=\"robots\" content=\"index, follow, max-snippet:-1, max-image-preview:large, max-video-preview:-1\" \/>\n<link rel=\"canonical\" href=\"https:\/\/tholaria.gr\/en\/vibes\/\" \/>\n<meta property=\"og:locale\" content=\"fr_FR\" \/>\n<meta property=\"og:type\" content=\"article\" \/>\n<meta property=\"og:title\" content=\"Mylos Bar - Astypalea Bars - Tholaria Boutique Hotel Grece\" \/>\n<meta property=\"og:description\" content=\"Le bar \u00abMilos\u00bb est situ\u00e9 dans la pittoresque Chora Astypalea, \u00e0 seulement 0,5 km de l&#039;h\u00f4tel. Il constitue un choix id\u00e9al pour vacances. Astypalea Bars\" \/>\n<meta property=\"og:url\" content=\"https:\/\/tholaria.gr\/en\/vibes\/\" \/>\n<meta property=\"og:site_name\" content=\"Tholaria Hotel | Astypalaia, Chora\" \/>\n<meta property=\"article:modified_time\" content=\"2019-03-26T13:28:26+00:00\" \/>\n<meta name=\"twitter:card\" content=\"summary_large_image\" \/>\n<meta name=\"twitter:label1\" content=\"Dur\u00e9e de lecture estim\u00e9e\" \/>\n\t<meta name=\"twitter:data1\" content=\"1 minute\" \/>\n<script type=\"application\/ld+json\" class=\"yoast-schema-graph\">{\"@context\":\"https:\/\/schema.org\",\"@graph\":[{\"@type\":\"WebPage\",\"@id\":\"https:\/\/tholaria.gr\/en\/vibes\/\",\"url\":\"https:\/\/tholaria.gr\/en\/vibes\/\",\"name\":\"Mylos Bar - Astypalea Bars - Tholaria Boutique Hotel Grece\",\"isPartOf\":{\"@id\":\"https:\/\/tholaria.gr\/en\/#website\"},\"datePublished\":\"2019-02-05T08:10:04+00:00\",\"dateModified\":\"2019-03-26T13:28:26+00:00\",\"description\":\"Le bar \u00abMilos\u00bb est situ\u00e9 dans la pittoresque Chora Astypalea, \u00e0 seulement 0,5 km de l'h\u00f4tel. Il constitue un choix id\u00e9al pour vacances. Astypalea Bars\",\"breadcrumb\":{\"@id\":\"https:\/\/tholaria.gr\/en\/vibes\/#breadcrumb\"},\"inLanguage\":\"fr-FR\",\"potentialAction\":[{\"@type\":\"ReadAction\",\"target\":[\"https:\/\/tholaria.gr\/en\/vibes\/\"]}]},{\"@type\":\"BreadcrumbList\",\"@id\":\"https:\/\/tholaria.gr\/en\/vibes\/#breadcrumb\",\"itemListElement\":[{\"@type\":\"ListItem\",\"position\":1,\"name\":\"Home\",\"item\":\"https:\/\/tholaria.gr\/fr\/\"},{\"@type\":\"ListItem\",\"position\":2,\"name\":\"Mylos Bar\"}]},{\"@type\":\"WebSite\",\"@id\":\"https:\/\/tholaria.gr\/en\/#website\",\"url\":\"https:\/\/tholaria.gr\/en\/\",\"name\":\"Tholaria Hotel | Astypalaia, Chora\",\"description\":\"Astypalaia, Chora\",\"potentialAction\":[{\"@type\":\"SearchAction\",\"target\":{\"@type\":\"EntryPoint\",\"urlTemplate\":\"https:\/\/tholaria.gr\/en\/?s={search_term_string}\"},\"query-input\":{\"@type\":\"PropertyValueSpecification\",\"valueRequired\":true,\"valueName\":\"search_term_string\"}}],\"inLanguage\":\"fr-FR\"}]}<\/script>\n<!-- \/ Yoast SEO plugin. -->","yoast_head_json":{"title":"Mylos Bar - Astypalea Bars - Tholaria Boutique Hotel Grece","description":"Le bar \u00abMilos\u00bb est situ\u00e9 dans la pittoresque Chora Astypalea, \u00e0 seulement 0,5 km de l'h\u00f4tel. Il constitue un choix id\u00e9al pour vacances. Astypalea Bars","robots":{"index":"index","follow":"follow","max-snippet":"max-snippet:-1","max-image-preview":"max-image-preview:large","max-video-preview":"max-video-preview:-1"},"canonical":"https:\/\/tholaria.gr\/en\/vibes\/","og_locale":"fr_FR","og_type":"article","og_title":"Mylos Bar - Astypalea Bars - Tholaria Boutique Hotel Grece","og_description":"Le bar \u00abMilos\u00bb est situ\u00e9 dans la pittoresque Chora Astypalea, \u00e0 seulement 0,5 km de l'h\u00f4tel. Il constitue un choix id\u00e9al pour vacances. Astypalea Bars","og_url":"https:\/\/tholaria.gr\/en\/vibes\/","og_site_name":"Tholaria Hotel | Astypalaia, Chora","article_modified_time":"2019-03-26T13:28:26+00:00","twitter_card":"summary_large_image","twitter_misc":{"Dur\u00e9e de lecture estim\u00e9e":"1 minute"},"schema":{"@context":"https:\/\/schema.org","@graph":[{"@type":"WebPage","@id":"https:\/\/tholaria.gr\/en\/vibes\/","url":"https:\/\/tholaria.gr\/en\/vibes\/","name":"Mylos Bar - Astypalea Bars - Tholaria Boutique Hotel Grece","isPartOf":{"@id":"https:\/\/tholaria.gr\/en\/#website"},"datePublished":"2019-02-05T08:10:04+00:00","dateModified":"2019-03-26T13:28:26+00:00","description":"Le bar \u00abMilos\u00bb est situ\u00e9 dans la pittoresque Chora Astypalea, \u00e0 seulement 0,5 km de l'h\u00f4tel. Il constitue un choix id\u00e9al pour vacances. Astypalea Bars","breadcrumb":{"@id":"https:\/\/tholaria.gr\/en\/vibes\/#breadcrumb"},"inLanguage":"fr-FR","potentialAction":[{"@type":"ReadAction","target":["https:\/\/tholaria.gr\/en\/vibes\/"]}]},{"@type":"BreadcrumbList","@id":"https:\/\/tholaria.gr\/en\/vibes\/#breadcrumb","itemListElement":[{"@type":"ListItem","position":1,"name":"Home","item":"https:\/\/tholaria.gr\/fr\/"},{"@type":"ListItem","position":2,"name":"Mylos Bar"}]},{"@type":"WebSite","@id":"https:\/\/tholaria.gr\/en\/#website","url":"https:\/\/tholaria.gr\/en\/","name":"Tholaria Hotel | Astypalaia, Chora","description":"Astypalaia, Chora","potentialAction":[{"@type":"SearchAction","target":{"@type":"EntryPoint","urlTemplate":"https:\/\/tholaria.gr\/en\/?s={search_term_string}"},"query-input":{"@type":"PropertyValueSpecification","valueRequired":true,"valueName":"search_term_string"}}],"inLanguage":"fr-FR"}]}},"_links":{"self":[{"href":"https:\/\/tholaria.gr\/fr\/wp-json\/wp\/v2\/pages\/1166","targetHints":{"allow":["GET"]}}],"collection":[{"href":"https:\/\/tholaria.gr\/fr\/wp-json\/wp\/v2\/pages"}],"about":[{"href":"https:\/\/tholaria.gr\/fr\/wp-json\/wp\/v2\/types\/page"}],"author":[{"embeddable":true,"href":"https:\/\/tholaria.gr\/fr\/wp-json\/wp\/v2\/users\/1"}],"replies":[{"embeddable":true,"href":"https:\/\/tholaria.gr\/fr\/wp-json\/wp\/v2\/comments?post=1166"}],"version-history":[{"count":0,"href":"https:\/\/tholaria.gr\/fr\/wp-json\/wp\/v2\/pages\/1166\/revisions"}],"wp:attachment":[{"href":"https:\/\/tholaria.gr\/fr\/wp-json\/wp\/v2\/media?parent=1166"}],"curies":[{"name":"wp","href":"https:\/\/api.w.org\/{rel}","templated":true}]}}